{"id":10,"date":"2012-08-02T23:44:45","date_gmt":"2012-08-03T02:44:45","guid":{"rendered":"http:\/\/www.bracorp.com.ar\/inicio\/?page_id=10"},"modified":"2024-12-29T17:38:37","modified_gmt":"2024-12-29T20:38:37","slug":"meteorologia","status":"publish","type":"page","link":"http:\/\/777.bracorp.com.ar\/inicio\/?page_id=10","title":{"rendered":"Meteorolog\u00eda"},"content":{"rendered":"\n<div class=\"wp-block-columns\">\n<div class=\"wp-block-column\" style=\"flex-basis:100%\">\n<p>Contamos con una Vantage Pro 2 para la informaci\u00f3n que brindamos en la web \u00abMeterolog\u00eda Actual\u00bb. Sabemos que contar con la informaci\u00f3n tomada en intervalos peque\u00f1os nos brinda estadisticamente, por medio de un proceso interno, nuestra propia estimaci\u00f3n de lluvias.<\/p>\n\n\n\n<p>Consulte nuestras opciones de informaci\u00f3n:<\/p>\n\n\n\n<p><em><strong><span style=\"text-decoration: underline;\"><span style=\"color: #0000ff; text-decoration: underline;\"><span style=\"color: #0000ff; text-decoration: underline;\"><a rel=\"noreferrer noopener\" href=\"https:\/\/www.smn.gob.ar\/alertas\" data-type=\"URL\" data-id=\"https:\/\/www.smn.gob.ar\/alertas\" target=\"_blank\"><span style=\"color:#093ff3\" class=\"has-inline-color\">Sistema de Alerta tem<\/span><span style=\"color:#074ff8\" class=\"has-inline-color\">prana<\/span><\/a><\/span><\/span><\/span><\/strong><\/em><\/p>\n\n\n\n<p><em><a rel=\"noopener\" href=\"http:\/\/777.bracorp.com.ar\/clima2\/bracorpactual.htm\" target=\"_blank\"><strong><span style=\"text-decoration: underline;\"><span style=\"color: #0000ff; text-decoration: underline;\"><span style=\"color: #0000ff; text-decoration: underline;\">Meterologia Actual<\/span>&nbsp;<\/span><\/span><\/strong><\/a><\/em><\/p>\n\n\n\n<p><a href=\"http:\/\/777.bracorp.com.ar\/pronostico\/pronostico.jpg\" target=\"_blank\" rel=\"noopener\"><em><strong><span style=\"text-decoration: underline;\"><span style=\"color: #0000ff; text-decoration: underline;\">Probabilidad Lluvias La Vanguardia<\/span><\/span><\/strong><\/em><\/a><\/p>\n\n\n\n<p><em><strong><span style=\"text-decoration: underline;\"><span style=\"color: #0000ff; text-decoration: underline;\"><a title=\"Im\u00e1gen Satelital SMN\" href=\"https:\/\/www.smn.gob.ar\/satelite\" target=\"_blank\" rel=\"noopener\"><span style=\"color: #0000ff; text-decoration: underline;\">Im\u00e1gen Satelital SMN<\/span><\/a>&nbsp; <\/span><\/span><\/strong><\/em><\/p>\n\n\n\n<p><em><strong><a title=\"Pron\u00f3stico Lluvias SMN\" href=\"http:\/\/www3.smn.gob.ar\/?mod=dpd&amp;id=2&amp;var=a%3A4%3A%7Bi%3A0%3Bs%3A30%3A%22.%2Fdpd%2Fcartas%2Fppp24dia00_24.gif%22%3Bi%3A1%3Bs%3A30%3A%22.%2Fdpd%2Fcartas%2Fppp24dia00_48.gif%22%3Bi%3A2%3Bs%3A30%3A%22.%2Fdpd%2Fcartas%2Fppp24dia00_72.gif%22%3Bi%3A3%3Bs%3A30%3A%22.%2Fdpd%2Fcartas%2Fppp24dia00_96.gif%22%3B%7D&amp;variable=prec\" target=\"_blank\" rel=\"noopener\"><span style=\"text-decoration: underline;\"><span style=\"color: #0000ff; text-decoration: underline;\"><span style=\"color: #0000ff; text-decoration: underline;\">Pron\u00f3stico Lluvias SMN<\/span><\/span><\/span><\/a><\/strong><\/em><\/p>\n\n\n\n<p><em><strong><a href=\"https:\/\/www.meteoblue.com\/es\/tiempo\/semana\/la-vanguardia_argentina_3847320\" target=\"_blank\" rel=\"noreferrer noopener\"><span style=\"text-decoration: underline; color: #0000ff;\">Meteoblue La Vanguardia<\/span><\/a><\/strong><\/em><\/p>\n\n\n\n<p><em><a href=\"https:\/\/www.yr.no\/en\/forecast\/daily-table\/2-3847320\/Argentina\/Cordoba\/Departamento%20de%20General%20Roca\/Estancia%20La%20Vanguardia\" target=\"_blank\" rel=\"noreferrer noopener\"><strong><span style=\"text-decoration: underline; color: #0000ff;\">YR.NO La Vanguardia<\/span><\/strong><\/a><\/em><\/p>\n\n\n\n<p><span style=\"text-decoration: underline; color: #0000ff;\"><strong><em><a style=\"color: #0000ff; text-decoration: underline;\" title=\"Fallingrain\" href=\"http:\/\/www.fallingrain.com\/world\/AR\/05\/Estancia_La_Vanguardia.html\" target=\"_blank\" rel=\"noopener\">Fallingrain<\/a><\/em><\/strong><\/span><strong><em>&nbsp;<\/em> <\/strong><\/p>\n\n\n\n<p><strong><em><span style=\"color: #ff0000;\"><a title=\"Vientos - Nubes - Lluvia\" rel=\"noopener\" href=\"http:\/\/www.bracorp.com.ar\/inicio\/?page_id=437\" target=\"_blank\"><span style=\"text-decoration: underline; color: #0000ff;\">Windyty (Vientos \u2013 Nubes \u2013 Lluvias)<\/span><\/a>&nbsp;<\/span><\/em><\/strong><\/p>\n\n\n\n<p><a rel=\"noreferrer noopener\" href=\"https:\/\/climaya.com\/imagenes-satelite\/?loc=-34.839|-63.547\" target=\"_blank\"><strong><em><span style=\"color:#1808eb\" class=\"has-inline-color\"><kbd><em><strong><span style=\"text-decoration: underline;\"><span style=\"color: #0000ff; text-decoration: underline;\"><\/span><\/span><\/strong><\/em><\/kbd><\/span><\/em><\/strong><\/a><strong><em><em><strong><span style=\"color: #0000ff; text-decoration: underline;\"><a rel=\"noreferrer noopener\" href=\"https:\/\/climaya.com\/imagenes-satelite\/?loc=-34.839|-63.547\" target=\"_blank\"><span style=\"color:#0000ff\" class=\"has-inline-color\">Im\u00e1gen Satelital ClimaYa<\/span><\/a><\/span><\/strong><\/em><\/em><\/strong><\/p>\n\n\n\n<p><\/p>\n\n\n\n<div class=\"wp-block-image\"><figure class=\"alignleft\"><a href=\"http:\/\/www.bracorp.com.ar\/inicio\/wp-content\/uploads\/2012\/08\/davis_weather_6152C-console.jpg\"><img loading=\"lazy\" width=\"300\" height=\"220\" src=\"http:\/\/www.bracorp.com.ar\/inicio\/wp-content\/uploads\/2012\/08\/davis_weather_6152C-console-300x220.jpg\" alt=\"\" class=\"wp-image-49\" title=\"davis_weather_6152C-console\" srcset=\"http:\/\/777.bracorp.com.ar\/inicio\/wp-content\/uploads\/2012\/08\/davis_weather_6152C-console-300x220.jpg 300w, http:\/\/777.bracorp.com.ar\/inicio\/wp-content\/uploads\/2012\/08\/davis_weather_6152C-console-250x183.jpg 250w, http:\/\/777.bracorp.com.ar\/inicio\/wp-content\/uploads\/2012\/08\/davis_weather_6152C-console.jpg 760w\" sizes=\"(max-width: 300px) 100vw, 300px\" \/><\/a><\/figure><\/div>\n\n\n\n<p><span style=\"text-decoration: underline;\"><strong>Especificaciones de la estaci\u00f3n<\/strong><\/span><\/p>\n\n\n\n<p>Las estaciones meteorol\u00f3gicas Vantage Pro2 son las primeras en su rango de precio que utilizan radio-intercepci\u00f3n de espectro amplio de frecuencias, y son capaces de recibir datos desde hasta 300 m (1000 pies) en l\u00ednea visual. Esta longitud es aproximadamente la de 3 campos de f\u00fatbol y supone una distancia 3 veces mayor a la de las estaciones meteorol\u00f3gicas de otras compa\u00f1\u00edas.<\/p>\n\n\n\n<p>Vantage Pro2 sigue manteniendo las grandes prestaciones de la Vantage Pro original, tales como pron\u00f3sticos en pantalla gr\u00e1fica, entre muchas otras. Los iconos de referencia r\u00e1pida muestran la previsi\u00f3n con un simple vistazo (soleado, parcialmente soleado, nublado, lluvia o nieve), mientras una barra de desplazamiento con texto en el mismo display proporciona m\u00e1s detalles.<\/p>\n\n\n\n<p>El conjunto integrado de sensores combina los sensores de pluvi\u00f3metro, temperatura y humedad, adem\u00e1s de anem\u00f3metro en un mismo paquete, haciendo que la configuraci\u00f3n sea m\u00e1s f\u00e1cil que nunca y mejorando el rendimiento y la seguridad.<\/p>\n\n\n\n<p>Para una mayor fiabilidad y precisi\u00f3n, los sensores de temperatura y humedad han sido ubicados dentro del protector solar. \u00c9ste protege a los sensores tanto de la radiaci\u00f3n solar como de otras fuentes de calor irradiado y reflejado. Elija nuestro protector solar est\u00e1ndar o, para una precisi\u00f3n extrema, nuestro protector solar auto aspirado.<\/p>\n<\/div>\n<\/div>\n\n\n\n<p><\/p>\n","protected":false},"excerpt":{"rendered":"<p>Contamos con una Vantage Pro 2 para la informaci\u00f3n que brindamos en la web \u00abMeterolog\u00eda Actual\u00bb. Sabemos que contar con la informaci\u00f3n tomada en intervalos peque\u00f1os nos brinda estadisticamente, por medio de un proceso interno, nuestra propia estimaci\u00f3n de lluvias. Consulte nuestras opciones de informaci\u00f3n: Sistema de Alerta temprana Meterologia Actual&nbsp; Probabilidad Lluvias La Vanguardia [&hellip;]<\/p>\n","protected":false},"author":1,"featured_media":0,"parent":0,"menu_order":0,"comment_status":"closed","ping_status":"closed","template":"","meta":[],"_links":{"self":[{"href":"http:\/\/777.bracorp.com.ar\/inicio\/index.php?rest_route=\/wp\/v2\/pages\/10"}],"collection":[{"href":"http:\/\/777.bracorp.com.ar\/inicio\/index.php?rest_route=\/wp\/v2\/pages"}],"about":[{"href":"http:\/\/777.bracorp.com.ar\/inicio\/index.php?rest_route=\/wp\/v2\/types\/page"}],"author":[{"embeddable":true,"href":"http:\/\/777.bracorp.com.ar\/inicio\/index.php?rest_route=\/wp\/v2\/users\/1"}],"replies":[{"embeddable":true,"href":"http:\/\/777.bracorp.com.ar\/inicio\/index.php?rest_route=%2Fwp%2Fv2%2Fcomments&post=10"}],"version-history":[{"count":74,"href":"http:\/\/777.bracorp.com.ar\/inicio\/index.php?rest_route=\/wp\/v2\/pages\/10\/revisions"}],"predecessor-version":[{"id":606,"href":"http:\/\/777.bracorp.com.ar\/inicio\/index.php?rest_route=\/wp\/v2\/pages\/10\/revisions\/606"}],"wp:attachment":[{"href":"http:\/\/777.bracorp.com.ar\/inicio\/index.php?rest_route=%2Fwp%2Fv2%2Fmedia&parent=10"}],"curies":[{"name":"wp","href":"https:\/\/api.w.org\/{rel}","templated":true}]}}