{"id":292,"date":"2014-08-04T23:36:06","date_gmt":"2014-08-05T02:36:06","guid":{"rendered":"http:\/\/www.bracorp.com.ar\/inicio\/?page_id=292"},"modified":"2014-08-05T22:35:00","modified_gmt":"2014-08-06T01:35:00","slug":"292-2","status":"publish","type":"page","link":"http:\/\/777.bracorp.com.ar\/inicio\/?page_id=292","title":{"rendered":"El Ruston &#038; el viejo taller"},"content":{"rendered":"<div id=\"attachment_316\" style=\"width: 310px\" class=\"wp-caption alignleft\"><a href=\"http:\/\/www.bracorp.com.ar\/inicio\/wp-content\/uploads\/2014\/08\/ruston-n.jpg\"><img aria-describedby=\"caption-attachment-316\" loading=\"lazy\" class=\"wp-image-316 size-medium\" src=\"http:\/\/www.bracorp.com.ar\/inicio\/wp-content\/uploads\/2014\/08\/ruston-n-300x225.jpg\" alt=\"ruston n\" width=\"300\" height=\"225\" srcset=\"http:\/\/777.bracorp.com.ar\/inicio\/wp-content\/uploads\/2014\/08\/ruston-n-300x225.jpg 300w, http:\/\/777.bracorp.com.ar\/inicio\/wp-content\/uploads\/2014\/08\/ruston-n-1024x768.jpg 1024w, http:\/\/777.bracorp.com.ar\/inicio\/wp-content\/uploads\/2014\/08\/ruston-n.jpg 1280w\" sizes=\"(max-width: 300px) 100vw, 300px\" \/><\/a><p id=\"caption-attachment-316\" class=\"wp-caption-text\">Ruston en funcionamiento generando luz<\/p><\/div>\n<p style=\"text-align: justify;\">All\u00e1 por aquellos a\u00f1os el \u00fanico motor que generaba la luz era un viejo Ruston ingl\u00e9s que alumbraba apenas las casas del casco y alguna heladera. No ten\u00eda mucha potencia pero su ritmo era muy agradable escucharlo. En el video que se abre en esta p\u00e1gina podemos visualizar un similar del que hab\u00eda y escuchar las vueltas del mono pist\u00f3n que acompa\u00f1aba las ma\u00f1anas, las tardecitas y las noches hasta las 22 horas donde se apagaba todo.El encargado de prender y apagar el motor fue Nelson Cattaneo, un gran amigo y colaborador de \u00abLa Vanguardia\u00bb.<\/p>\n<div id=\"attachment_300\" style=\"width: 321px\" class=\"wp-caption alignleft\"><a href=\"http:\/\/www.bracorp.com.ar\/inicio\/wp-content\/uploads\/2014\/08\/Taller.jpg\"><img aria-describedby=\"caption-attachment-300\" loading=\"lazy\" class=\"wp-image-300\" src=\"http:\/\/www.bracorp.com.ar\/inicio\/wp-content\/uploads\/2014\/08\/Taller-300x225.jpg\" alt=\"Taller\" width=\"311\" height=\"233\" srcset=\"http:\/\/777.bracorp.com.ar\/inicio\/wp-content\/uploads\/2014\/08\/Taller-300x225.jpg 300w, http:\/\/777.bracorp.com.ar\/inicio\/wp-content\/uploads\/2014\/08\/Taller-1024x768.jpg 1024w\" sizes=\"(max-width: 311px) 100vw, 311px\" \/><\/a><p id=\"caption-attachment-300\" class=\"wp-caption-text\">Usina en taller viejo<\/p><\/div>\n<p>&nbsp;<\/p>\n<div id=\"attachment_328\" style=\"width: 178px\" class=\"wp-caption alignright\"><a href=\"http:\/\/www.bracorp.com.ar\/inicio\/wp-content\/uploads\/2014\/08\/Catta.jpg\"><img aria-describedby=\"caption-attachment-328\" loading=\"lazy\" class=\"wp-image-328\" src=\"http:\/\/www.bracorp.com.ar\/inicio\/wp-content\/uploads\/2014\/08\/Catta-248x300.jpg\" alt=\"Catta\" width=\"168\" height=\"203\" srcset=\"http:\/\/777.bracorp.com.ar\/inicio\/wp-content\/uploads\/2014\/08\/Catta-248x300.jpg 248w, http:\/\/777.bracorp.com.ar\/inicio\/wp-content\/uploads\/2014\/08\/Catta.jpg 389w\" sizes=\"(max-width: 168px) 100vw, 168px\" \/><\/a><p id=\"caption-attachment-328\" class=\"wp-caption-text\">Nelson Cattaneo<\/p><\/div>\n<p>&nbsp;<\/p>\n<p style=\"text-align: right;\">Apreciemos en el video con el sonido de aquella marcha.<\/p>\n<p style=\"text-align: right;\"><a href=\"http:\/\/www.bracorp.com.ar\/inicio\/wp-content\/uploads\/2014\/08\/Ruston_and_Hornsby_Roller_Headstock_Badge_IMG_1841.jpg\"><img loading=\"lazy\" class=\" wp-image-311 alignleft\" src=\"http:\/\/www.bracorp.com.ar\/inicio\/wp-content\/uploads\/2014\/08\/Ruston_and_Hornsby_Roller_Headstock_Badge_IMG_1841-300x279.jpg\" alt=\"Ruston_and_Hornsby_Roller_Headstock_Badge_IMG_1841\" width=\"234\" height=\"218\" srcset=\"http:\/\/777.bracorp.com.ar\/inicio\/wp-content\/uploads\/2014\/08\/Ruston_and_Hornsby_Roller_Headstock_Badge_IMG_1841-300x279.jpg 300w, http:\/\/777.bracorp.com.ar\/inicio\/wp-content\/uploads\/2014\/08\/Ruston_and_Hornsby_Roller_Headstock_Badge_IMG_1841-1024x955.jpg 1024w, http:\/\/777.bracorp.com.ar\/inicio\/wp-content\/uploads\/2014\/08\/Ruston_and_Hornsby_Roller_Headstock_Badge_IMG_1841.jpg 1206w\" sizes=\"(max-width: 234px) 100vw, 234px\" \/><\/a><video width=\"291\" height=\"223\" controls=\"controls\" autoplay=\"autoplay\" name=\"media\"><source src=\"http:\/\/www.bracorp.com.ar\/download\/ruston2.mp4\" type=\"video\/mp4\" \/><\/video><\/p>\n<p>&nbsp;<\/p>\n","protected":false},"excerpt":{"rendered":"<p>All\u00e1 por aquellos a\u00f1os el \u00fanico motor que generaba la luz era un viejo Ruston ingl\u00e9s que alumbraba apenas las casas del casco y alguna heladera. No ten\u00eda mucha potencia pero su ritmo era muy agradable escucharlo. En el video que se abre en esta p\u00e1gina podemos visualizar un similar del que hab\u00eda y escuchar [&hellip;]<\/p>\n","protected":false},"author":1,"featured_media":0,"parent":0,"menu_order":0,"comment_status":"closed","ping_status":"closed","template":"","meta":[],"_links":{"self":[{"href":"http:\/\/777.bracorp.com.ar\/inicio\/index.php?rest_route=\/wp\/v2\/pages\/292"}],"collection":[{"href":"http:\/\/777.bracorp.com.ar\/inicio\/index.php?rest_route=\/wp\/v2\/pages"}],"about":[{"href":"http:\/\/777.bracorp.com.ar\/inicio\/index.php?rest_route=\/wp\/v2\/types\/page"}],"author":[{"embeddable":true,"href":"http:\/\/777.bracorp.com.ar\/inicio\/index.php?rest_route=\/wp\/v2\/users\/1"}],"replies":[{"embeddable":true,"href":"http:\/\/777.bracorp.com.ar\/inicio\/index.php?rest_route=%2Fwp%2Fv2%2Fcomments&post=292"}],"version-history":[{"count":32,"href":"http:\/\/777.bracorp.com.ar\/inicio\/index.php?rest_route=\/wp\/v2\/pages\/292\/revisions"}],"predecessor-version":[{"id":376,"href":"http:\/\/777.bracorp.com.ar\/inicio\/index.php?rest_route=\/wp\/v2\/pages\/292\/revisions\/376"}],"wp:attachment":[{"href":"http:\/\/777.bracorp.com.ar\/inicio\/index.php?rest_route=%2Fwp%2Fv2%2Fmedia&parent=292"}],"curies":[{"name":"wp","href":"https:\/\/api.w.org\/{rel}","templated":true}]}}