{"id":84,"date":"2014-01-06T02:44:45","date_gmt":"2014-01-06T05:44:45","guid":{"rendered":"http:\/\/www.bracorp.com.ar\/inicio\/?page_id=84"},"modified":"2018-06-04T23:58:35","modified_gmt":"2018-06-05T02:58:35","slug":"nosotros","status":"publish","type":"page","link":"http:\/\/777.bracorp.com.ar\/inicio\/?page_id=84","title":{"rendered":"Nosotros"},"content":{"rendered":"<p style=\"text-align: justify;\"><strong>\u00abTeresa, Juan Carlos, Javier y Pedro\u00bb<\/strong> conservando la tradici\u00f3n familiar desde 1881 por mas de 133 a\u00f1os a la actualidad de&nbsp;<strong>\u00abLa Vanguardia\u00bb,<\/strong>&nbsp;junto a la invalorable presencia de nuestra madre <strong>\u00abDo\u00f1a Sylvia Mar\u00eda Muniz\u00bb<\/strong> formamos la&nbsp;empresa familiar BRACORP S.A. fundada en el a\u00f1o 1982, mantenemos una s\u00f3lida relaci\u00f3n con nuestros clientes basada en la confianza y en la calidad de nuestros productos agropecuarios, como as\u00ed tambi\u00e9n con la gente que trabaja d\u00eda a d\u00eda en los sectores productivos y administrativos de nuestra empresa. Buscamos la excelencia en las diferentes \u00e1reas productivas como la elecci\u00f3n de proveedores que nos ofrezcan tanto servicios como insumos para el desarrollo de nuestra producci\u00f3n.<\/p>\n<div id=\"attachment_176\" style=\"width: 218px\" class=\"wp-caption alignleft\"><a href=\"http:\/\/www.bracorp.com.ar\/inicio\/wp-content\/uploads\/2014\/08\/tere-y-mama.jpg\"><img aria-describedby=\"caption-attachment-176\" loading=\"lazy\" class=\" wp-image-176 \" src=\"http:\/\/www.bracorp.com.ar\/inicio\/wp-content\/uploads\/2014\/08\/tere-y-mama-231x300.jpg\" alt=\"tere y mama\" width=\"208\" height=\"270\" srcset=\"http:\/\/777.bracorp.com.ar\/inicio\/wp-content\/uploads\/2014\/08\/tere-y-mama-231x300.jpg 231w, http:\/\/777.bracorp.com.ar\/inicio\/wp-content\/uploads\/2014\/08\/tere-y-mama-790x1024.jpg 790w, http:\/\/777.bracorp.com.ar\/inicio\/wp-content\/uploads\/2014\/08\/tere-y-mama.jpg 1249w\" sizes=\"(max-width: 208px) 100vw, 208px\" \/><\/a><p id=\"caption-attachment-176\" class=\"wp-caption-text\">Teresa y Sylvia (Mam\u00e1)<\/p><\/div>\n<div id=\"attachment_177\" style=\"width: 280px\" class=\"wp-caption alignright\"><a href=\"http:\/\/www.bracorp.com.ar\/inicio\/wp-content\/uploads\/2014\/08\/jcm.jpg\"><img aria-describedby=\"caption-attachment-177\" loading=\"lazy\" class=\" wp-image-177\" src=\"http:\/\/www.bracorp.com.ar\/inicio\/wp-content\/uploads\/2014\/08\/jcm-300x300.jpg\" alt=\"jcm\" width=\"270\" height=\"270\" srcset=\"http:\/\/777.bracorp.com.ar\/inicio\/wp-content\/uploads\/2014\/08\/jcm-300x300.jpg 300w, http:\/\/777.bracorp.com.ar\/inicio\/wp-content\/uploads\/2014\/08\/jcm-150x150.jpg 150w, http:\/\/777.bracorp.com.ar\/inicio\/wp-content\/uploads\/2014\/08\/jcm-1021x1024.jpg 1021w, http:\/\/777.bracorp.com.ar\/inicio\/wp-content\/uploads\/2014\/08\/jcm.jpg 1524w\" sizes=\"(max-width: 270px) 100vw, 270px\" \/><\/a><p id=\"caption-attachment-177\" class=\"wp-caption-text\">Juan Carlos<\/p><\/div>\n<div id=\"attachment_180\" style=\"width: 204px\" class=\"wp-caption alignright\"><a href=\"http:\/\/www.bracorp.com.ar\/inicio\/wp-content\/uploads\/2014\/08\/pm.jpg\"><img aria-describedby=\"caption-attachment-180\" loading=\"lazy\" class=\" wp-image-180\" src=\"http:\/\/www.bracorp.com.ar\/inicio\/wp-content\/uploads\/2014\/08\/pm-216x300.jpg\" alt=\"pm\" width=\"194\" height=\"270\" srcset=\"http:\/\/777.bracorp.com.ar\/inicio\/wp-content\/uploads\/2014\/08\/pm-216x300.jpg 216w, http:\/\/777.bracorp.com.ar\/inicio\/wp-content\/uploads\/2014\/08\/pm-737x1024.jpg 737w, http:\/\/777.bracorp.com.ar\/inicio\/wp-content\/uploads\/2014\/08\/pm.jpg 1513w\" sizes=\"(max-width: 194px) 100vw, 194px\" \/><\/a><p id=\"caption-attachment-180\" class=\"wp-caption-text\">Pedro<\/p><\/div>\n<div id=\"attachment_179\" style=\"width: 212px\" class=\"wp-caption alignleft\"><a href=\"http:\/\/www.bracorp.com.ar\/inicio\/wp-content\/uploads\/2014\/08\/jm.jpg\"><img aria-describedby=\"caption-attachment-179\" loading=\"lazy\" class=\" wp-image-179\" src=\"http:\/\/www.bracorp.com.ar\/inicio\/wp-content\/uploads\/2014\/08\/jm-252x300.jpg\" alt=\"jm\" width=\"202\" height=\"240\" srcset=\"http:\/\/777.bracorp.com.ar\/inicio\/wp-content\/uploads\/2014\/08\/jm-252x300.jpg 252w, http:\/\/777.bracorp.com.ar\/inicio\/wp-content\/uploads\/2014\/08\/jm-860x1024.jpg 860w, http:\/\/777.bracorp.com.ar\/inicio\/wp-content\/uploads\/2014\/08\/jm.jpg 1431w\" sizes=\"(max-width: 202px) 100vw, 202px\" \/><\/a><p id=\"caption-attachment-179\" class=\"wp-caption-text\">Javier<\/p><\/div>\n<p>&nbsp;<\/p>\n","protected":false},"excerpt":{"rendered":"<p>\u00abTeresa, Juan Carlos, Javier y Pedro\u00bb conservando la tradici\u00f3n familiar desde 1881 por mas de 133 a\u00f1os a la actualidad de&nbsp;\u00abLa Vanguardia\u00bb,&nbsp;junto a la invalorable presencia de nuestra madre \u00abDo\u00f1a Sylvia Mar\u00eda Muniz\u00bb formamos la&nbsp;empresa familiar BRACORP S.A. fundada en el a\u00f1o 1982, mantenemos una s\u00f3lida relaci\u00f3n con nuestros clientes basada en la confianza y [&hellip;]<\/p>\n","protected":false},"author":1,"featured_media":0,"parent":0,"menu_order":0,"comment_status":"closed","ping_status":"closed","template":"","meta":[],"_links":{"self":[{"href":"http:\/\/777.bracorp.com.ar\/inicio\/index.php?rest_route=\/wp\/v2\/pages\/84"}],"collection":[{"href":"http:\/\/777.bracorp.com.ar\/inicio\/index.php?rest_route=\/wp\/v2\/pages"}],"about":[{"href":"http:\/\/777.bracorp.com.ar\/inicio\/index.php?rest_route=\/wp\/v2\/types\/page"}],"author":[{"embeddable":true,"href":"http:\/\/777.bracorp.com.ar\/inicio\/index.php?rest_route=\/wp\/v2\/users\/1"}],"replies":[{"embeddable":true,"href":"http:\/\/777.bracorp.com.ar\/inicio\/index.php?rest_route=%2Fwp%2Fv2%2Fcomments&post=84"}],"version-history":[{"count":9,"href":"http:\/\/777.bracorp.com.ar\/inicio\/index.php?rest_route=\/wp\/v2\/pages\/84\/revisions"}],"predecessor-version":[{"id":544,"href":"http:\/\/777.bracorp.com.ar\/inicio\/index.php?rest_route=\/wp\/v2\/pages\/84\/revisions\/544"}],"wp:attachment":[{"href":"http:\/\/777.bracorp.com.ar\/inicio\/index.php?rest_route=%2Fwp%2Fv2%2Fmedia&parent=84"}],"curies":[{"name":"wp","href":"https:\/\/api.w.org\/{rel}","templated":true}]}}